{"id":239,"date":"2023-06-04T15:26:14","date_gmt":"2023-06-04T15:26:14","guid":{"rendered":"https:\/\/postosjk.com.br\/?page_id=239"},"modified":"2023-06-04T15:48:43","modified_gmt":"2023-06-04T15:48:43","slug":"chatgpt","status":"publish","type":"page","link":"https:\/\/postosjk.com.br\/index.php\/chatgpt\/","title":{"rendered":"ChatGPT"},"content":{"rendered":"\n<p>Temos o prazer de apresentar o ChatGPT para obter o feedback dos usu\u00e1rios e aprender sobre seus pontos fortes e fracos. Durante a pr\u00e9via da pesquisa, o uso do ChatGPT \u00e9 gratuito. Experimente agora em chat.openai.com<\/p>\n\n\n\n<ul class=\"wp-block-list\">\n<li>Fa\u00e7a c\u00e1lculos do consumo de gasolina<\/li>\n\n\n\n<li>Fa\u00e7a previs\u00e3o do pre\u00e7o m\u00e9dio do combust\u00edvel<\/li>\n\n\n\n<li>Consulte dicas de seguran\u00e7a <\/li>\n<\/ul>\n\n\n\n<p>Sua criatividade \u00e9 o limite!<\/p>\n\n\n\n<!DOCTYPE html>\n<html lang=\"en\">\n<head>\n  <title>Bootstrap Example<\/title>\n  <meta charset=\"utf-8\">\n  <meta name=\"viewport\" content=\"width=device-width, initial-scale=1\">\n  <link rel=\"stylesheet\" href=\"https:\/\/maxcdn.bootstrapcdn.com\/bootstrap\/3.4.1\/css\/bootstrap.min.css\">\n  <script src=\"https:\/\/ajax.googleapis.com\/ajax\/libs\/jquery\/3.6.4\/jquery.min.js\"><\/script>\n  <script src=\"https:\/\/maxcdn.bootstrapcdn.com\/bootstrap\/3.4.1\/js\/bootstrap.min.js\"><\/script>\n<\/head>\n<body>\n\n<div class=\"container\">\n  <a href=\"https:\/\/chat.openai.com\/\" target=\"_blank\" rel=\"noopener\">\n  <button type=\"button\" class=\"btn btn-primary rounded\">Clique para acessar<\/button>\n<\/a>\n<\/div>\n\n<\/body>\n<\/html>\n","protected":false},"excerpt":{"rendered":"<p>Temos o prazer de apresentar o ChatGPT para obter o feedback dos usu\u00e1rios e aprender sobre seus pontos fortes e fracos. Durante a pr\u00e9via da pesquisa, o uso do ChatGPT \u00e9 gratuito. Experimente agora em chat.openai.com Sua criatividade \u00e9 o limite! Bootstrap Example Clique para acessar<\/p>\n","protected":false},"author":1,"featured_media":227,"parent":0,"menu_order":0,"comment_status":"closed","ping_status":"closed","template":"","meta":{"om_disable_all_campaigns":false,"_monsterinsights_skip_tracking":false,"_monsterinsights_sitenote_active":false,"_monsterinsights_sitenote_note":"","_monsterinsights_sitenote_category":0,"footnotes":""},"class_list":["post-239","page","type-page","status-publish","has-post-thumbnail","hentry"],"aioseo_notices":[],"_links":{"self":[{"href":"https:\/\/postosjk.com.br\/index.php\/wp-json\/wp\/v2\/pages\/239","targetHints":{"allow":["GET"]}}],"collection":[{"href":"https:\/\/postosjk.com.br\/index.php\/wp-json\/wp\/v2\/pages"}],"about":[{"href":"https:\/\/postosjk.com.br\/index.php\/wp-json\/wp\/v2\/types\/page"}],"author":[{"embeddable":true,"href":"https:\/\/postosjk.com.br\/index.php\/wp-json\/wp\/v2\/users\/1"}],"replies":[{"embeddable":true,"href":"https:\/\/postosjk.com.br\/index.php\/wp-json\/wp\/v2\/comments?post=239"}],"version-history":[{"count":7,"href":"https:\/\/postosjk.com.br\/index.php\/wp-json\/wp\/v2\/pages\/239\/revisions"}],"predecessor-version":[{"id":257,"href":"https:\/\/postosjk.com.br\/index.php\/wp-json\/wp\/v2\/pages\/239\/revisions\/257"}],"wp:featuredmedia":[{"embeddable":true,"href":"https:\/\/postosjk.com.br\/index.php\/wp-json\/wp\/v2\/media\/227"}],"wp:attachment":[{"href":"https:\/\/postosjk.com.br\/index.php\/wp-json\/wp\/v2\/media?parent=239"}],"curies":[{"name":"wp","href":"https:\/\/api.w.org\/{rel}","templated":true}]}}